{"id":3,"date":"2021-06-01T16:36:46","date_gmt":"2021-06-01T16:36:46","guid":{"rendered":"http:\/\/e-kolarski.pl\/?page_id=3"},"modified":"2021-09-10T12:26:47","modified_gmt":"2021-09-10T10:26:47","slug":"privacy-policy","status":"publish","type":"page","link":"https:\/\/e-kolarski.pl\/index.php\/privacy-policy\/","title":{"rendered":"Polityka prywatno\u015bci"},"content":{"rendered":"\r\n<p align=\"JUSTIFY\">Polityka prywatno\u015bci serwisu www. e-Kolarski.pl<\/p>\r\n<ol>\r\n<li>\r\n<p align=\"JUSTIFY\">Informacje og\u00f3lne<\/p>\r\n<\/li>\r\n<\/ol>\r\n<p align=\"JUSTIFY\">Niniejsza Polityka Prywatno\u015bci okre\u015bla zasady przetwarzania i ochrony danych osobowych przekazanych przez U\u017cytkownik\u00f3w w zwi\u0105zku z korzystaniem przez nich us\u0142ug poprzez Serwis.<\/p>\r\n<p align=\"JUSTIFY\">2. Administratorem danych osobowych zawartych w serwisie jest<\/p>\r\n<p align=\"JUSTIFY\">e-Kolarski.pl z siedzib\u0105 w D\u0105browie G\u00f3rniczej NIP:6272763695 REGON:383958812<\/p>\r\n<p align=\"JUSTIFY\">3. W trosce o bezpiecze\u0144stwo powierzonych nam danych opracowali\u015bmy wewn\u0119trzne procedury i zalecenia, kt\u00f3re maj\u0105 zapobiec udost\u0119pnieniu danych osobom nieupowa\u017cnionym. Kontrolujemy ich wykonywanie i stale sprawdzamy ich zgodno\u015b\u0107 z odpowiednimi aktami prawnymi &#8211; ustaw\u0105 o ochronie danych osobowych, ustaw\u0105 o \u015bwiadczeniu us\u0142ug drog\u0105 elektroniczn\u0105, a tak\u017ce wszelkiego rodzaju aktach wykonawczych i aktach prawa wsp\u00f3lnotowego.<\/p>\r\n<p align=\"JUSTIFY\">4. Dane Osobowe przetwarzane s\u0105 na podstawie zgody wyra\u017canej przez U\u017cytkownika oraz w przypadkach, w kt\u00f3rych przepisy prawa upowa\u017cniaj\u0105 Administratora do przetwarzania danych osobowych na podstawie przepis\u00f3w prawa lub w celu realizacji zawartej pomi\u0119dzy stronami umowy.<\/p>\r\n<p align=\"JUSTIFY\">5. Serwis realizuje funkcje pozyskiwania informacji o u\u017cytkownikach i ich zachowaniach w nast\u0119puj\u0105cy spos\u00f3b:<\/p>\r\n<ol type=\"a\">\r\n<li>\r\n<p align=\"JUSTIFY\">poprzez dobrowolnie wprowadzone w formularzach informacje<\/p>\r\n<\/li>\r\n<li>\r\n<p align=\"JUSTIFY\">poprzez gromadzenie plik\u00f3w \u201ccookies\u201d [patrz polityka plik\u00f3w \u201ccookies\u201d].<\/p>\r\n<\/li>\r\n<\/ol>\r\n<p align=\"JUSTIFY\">6. Serwis zbiera informacje dobrowolnie podane przez u\u017cytkownika.<\/p>\r\n<p align=\"JUSTIFY\">7. dane podane w formularzu s\u0105 przetwarzane w celu wynikaj\u0105cym z funkcji konkretnego formularza np. w celu dokonania procesu obs\u0142ugi kontaktu informacyjnego<\/p>\r\n<p align=\"JUSTIFY\">8. Dane osobowe pozostawione w serwisie nie zostan\u0105 sprzedane ani udost\u0119pnione osobom trzecim, zgodnie z przepisami Ustawy o ochronie danych osobowych.<\/p>\r\n<p align=\"JUSTIFY\">9. Do danych zawartych w formularzu przys\u0142uguje wgl\u0105d osobie fizycznej, kt\u00f3ra je tam umie\u015bci\u0142a. Osoba ta ma r\u00f3wnie\u017c praw do modyfikacji i zaprzestania przetwarzania swoich danych w dowolnym momencie.<\/p>\r\n<p align=\"JUSTIFY\">10. Zastrzegamy sobie prawo do zmiany w polityce ochrony prywatno\u015bci serwisu, na kt\u00f3re mo\u017ce wp\u0142yn\u0105\u0107 rozw\u00f3j technologii internetowej, ewentualne zmiany prawa w zakresie ochrony danych osobowych oraz rozw\u00f3j naszego serwisu internetowego. O wszelkich zmianach b\u0119dziemy informowa\u0107 w spos\u00f3b widoczny i zrozumia\u0142y.<\/p>\r\n<p align=\"JUSTIFY\">11. W Serwisie mog\u0105 pojawia\u0107 si\u0119 linki do innych stron internetowych. Takie strony internetowe dzia\u0142aj\u0105 niezale\u017cnie od Serwisu i nie s\u0105 w \u017caden spos\u00f3b nadzorowane przez serwis e-Kolarski.pl. Strony te mog\u0105 posiada\u0107 w\u0142asne polityki dotycz\u0105ce prywatno\u015bci oraz regulaminy, z kt\u00f3rymi zalecamy si\u0119 zapozna\u0107.<\/p>\r\n<p align=\"JUSTIFY\">W razie w\u0105tpliwo\u015bci co kt\u00f3regokolwiek z zapis\u00f3w niniejszej polityki prywatno\u015bci jeste\u015bmy do dyspozycji &#8211; nasze dane znale\u017a\u0107 mo\u017cna w zak\u0142adce &#8211; KONTAKT.<\/p>\r\n<h2 class=\"wp-block-heading\">\u00a0<\/h2>\r\n<h1>English version:<\/h1>\r\n<p>&nbsp;<\/p>\r\n<p>Who we are<\/p>\r\n<p>\r\n\r\n<\/p>\r\n<p>Our website address is: http:\/\/e-kolarski.pl.<\/p>\r\n<p>\r\n\r\n<\/p>\r\n<p>Comments<\/p>\r\n<p>\r\n\r\n<\/p>\r\n<p>When visitors leave comments on the site we collect the data shown in the comments form, and also the visitor\u2019s IP address and browser user agent string to help spam detection.<\/p>\r\n<p>\r\n\r\n<\/p>\r\n<p>An anonymized string created from your email address (also called a hash) may be provided to the Gravatar service to see if you are using it. The Gravatar service privacy policy is available here: https:\/\/automattic.com\/privacy\/. After approval of your comment, your profile picture is visible to the public in the context of your comment.<\/p>\r\n<p>\r\n\r\n<\/p>\r\n<p>Media<\/p>\r\n<p>\r\n\r\n<\/p>\r\n<p>If you upload images to the website, you should avoid uploading images with embedded location data (EXIF GPS) included. Visitors to the website can download and extract any location data from images on the website.<\/p>\r\n<p>\r\n\r\n<\/p>\r\n<p>Cookies<\/p>\r\n<p>\r\n\r\n<\/p>\r\n<p>If you leave a comment on our site you may opt-in to saving your name, email address and website in cookies. These are for your convenience so that you do not have to fill in your details again when you leave another comment. These cookies will last for one year.<\/p>\r\n<p>\r\n\r\n<\/p>\r\n<p>If you visit our login page, we will set a temporary cookie to determine if your browser accepts cookies. This cookie contains no personal data and is discarded when you close your browser.<\/p>\r\n<p>\r\n\r\n<\/p>\r\n<p>When you log in, we will also set up several cookies to save your login information and your screen display choices. Login cookies last for two days, and screen options cookies last for a year. If you select &#8222;Remember Me&#8221;, your login will persist for two weeks. If you log out of your account, the login cookies will be removed.<\/p>\r\n<p>\r\n\r\n<\/p>\r\n<p>If you edit or publish an article, an additional cookie will be saved in your browser. This cookie includes no personal data and simply indicates the post ID of the article you just edited. It expires after 1 day.<\/p>\r\n<p>\r\n\r\n<\/p>\r\n<p>Embedded content from other websites<\/p>\r\n<p>\r\n\r\n<\/p>\r\n<p>Articles on this site may include embedded content (e.g. videos, images, articles, etc.). Embedded content from other websites behaves in the exact same way as if the visitor has visited the other website.<\/p>\r\n<p>\r\n\r\n<\/p>\r\n<p>These websites may collect data about you, use cookies, embed additional third-party tracking, and monitor your interaction with that embedded content, including tracking your interaction with the embedded content if you have an account and are logged in to that website.<\/p>\r\n<p>\r\n\r\n<\/p>\r\n<p>Who we share your data with<\/p>\r\n<p>\r\n\r\n<\/p>\r\n<p>If you request a password reset, your IP address will be included in the reset email.<\/p>\r\n<p>\r\n\r\n<\/p>\r\n<p>How long we retain your data<\/p>\r\n<p>\r\n\r\n<\/p>\r\n<p>If you leave a comment, the comment and its metadata are retained indefinitely. This is so we can recognize and approve any follow-up comments automatically instead of holding them in a moderation queue.<\/p>\r\n<p>\r\n\r\n<\/p>\r\n<p>For users that register on our website (if any), we also store the personal information they provide in their user profile. All users can see, edit, or delete their personal information at any time (except they cannot change their username). Website administrators can also see and edit that information.<\/p>\r\n<p>\r\n\r\n<\/p>\r\n<p>What rights you have over your data<\/p>\r\n<p>\r\n\r\n<\/p>\r\n<p>If you have an account on this site, or have left comments, you can request to receive an exported file of the personal data we hold about you, including any data you have provided to us. You can also request that we erase any personal data we hold about you. This does not include any data we are obliged to keep for administrative, legal, or security purposes.<\/p>\r\n<p>\r\n\r\n<\/p>\r\n<p>Where we send your data<\/p>\r\n<p>\r\n\r\n<\/p>\r\n<p>Visitor comments may be checked through an automated spam detection service.<\/p>\r\n","protected":false},"excerpt":{"rendered":"<p>Polityka prywatno\u015bci serwisu www. e-Kolarski.pl Informacje og\u00f3lne Niniejsza Polityka Prywatno\u015bci okre\u015bla zasady przetwarzania i ochrony danych osobowych przekazanych przez U\u017cytkownik\u00f3w w zwi\u0105zku z korzystaniem przez nich us\u0142ug poprzez Serwis. 2. Administratorem danych osobowych zawartych w serwisie jest e-Kolarski.pl z siedzib\u0105 w D\u0105browie G\u00f3rniczej NIP:6272763695 REGON:383958812 3. W trosce o bezpiecze\u0144stwo powierzonych nam danych opracowali\u015bmy wewn\u0119trzne procedury i zalecenia, kt\u00f3re maj\u0105 zapobiec udost\u0119pnieniu danych osobom nieupowa\u017cnionym. Kontrolujemy ich wykonywanie i stale sprawdzamy ich zgodno\u015b\u0107 z odpowiednimi aktami prawnymi &#8211; ustaw\u0105 o ochronie danych osobowych, ustaw\u0105 o \u015bwiadczeniu us\u0142ug drog\u0105 elektroniczn\u0105, a tak\u017ce wszelkiego rodzaju aktach wykonawczych i aktach prawa wsp\u00f3lnotowego. 4. Dane Osobowe przetwarzane s\u0105 na podstawie zgody wyra\u017canej przez U\u017cytkownika oraz w przypadkach, w kt\u00f3rych przepisy prawa upowa\u017cniaj\u0105 Administratora do przetwarzania danych osobowych na podstawie przepis\u00f3w prawa lub w celu realizacji zawartej pomi\u0119dzy stronami umowy. 5. Serwis realizuje funkcje pozyskiwania informacji o u\u017cytkownikach i ich zachowaniach w nast\u0119puj\u0105cy spos\u00f3b: poprzez&hellip;<\/p>\n<p> <a class=\"more-link\" href=\"https:\/\/e-kolarski.pl\/index.php\/privacy-policy\/\">Czytaj dalej<\/a><\/p>\n","protected":false},"author":1,"featured_media":0,"parent":0,"menu_order":0,"comment_status":"closed","ping_status":"open","template":"","meta":{"footnotes":""},"rttpg_featured_image_url":null,"rttpg_author":{"display_name":"admin","author_link":"https:\/\/e-kolarski.pl\/index.php\/author\/admin\/"},"rttpg_comment":0,"rttpg_category":null,"rttpg_excerpt":"Polityka prywatno\u015bci serwisu www. e-Kolarski.pl Informacje og\u00f3lne Niniejsza Polityka Prywatno\u015bci okre\u015bla zasady przetwarzania i ochrony danych osobowych przekazanych przez U\u017cytkownik\u00f3w w zwi\u0105zku z korzystaniem przez nich us\u0142ug poprzez Serwis. 2. Administratorem danych osobowych zawartych w serwisie jest e-Kolarski.pl z siedzib\u0105 w D\u0105browie G\u00f3rniczej NIP:6272763695 REGON:383958812 3. W trosce o bezpiecze\u0144stwo powierzonych nam danych opracowali\u015bmy wewn\u0119trzne&hellip;","_links":{"self":[{"href":"https:\/\/e-kolarski.pl\/index.php\/wp-json\/wp\/v2\/pages\/3"}],"collection":[{"href":"https:\/\/e-kolarski.pl\/index.php\/wp-json\/wp\/v2\/pages"}],"about":[{"href":"https:\/\/e-kolarski.pl\/index.php\/wp-json\/wp\/v2\/types\/page"}],"author":[{"embeddable":true,"href":"https:\/\/e-kolarski.pl\/index.php\/wp-json\/wp\/v2\/users\/1"}],"replies":[{"embeddable":true,"href":"https:\/\/e-kolarski.pl\/index.php\/wp-json\/wp\/v2\/comments?post=3"}],"version-history":[{"count":1,"href":"https:\/\/e-kolarski.pl\/index.php\/wp-json\/wp\/v2\/pages\/3\/revisions"}],"predecessor-version":[{"id":287,"href":"https:\/\/e-kolarski.pl\/index.php\/wp-json\/wp\/v2\/pages\/3\/revisions\/287"}],"wp:attachment":[{"href":"https:\/\/e-kolarski.pl\/index.php\/wp-json\/wp\/v2\/media?parent=3"}],"curies":[{"name":"wp","href":"https:\/\/api.w.org\/{rel}","templated":true}]}}