{"id":292,"date":"2021-09-22T15:17:59","date_gmt":"2021-09-22T13:17:59","guid":{"rendered":"https:\/\/e-kolarski.pl\/?page_id=292"},"modified":"2024-06-29T17:41:04","modified_gmt":"2024-06-29T15:41:04","slug":"kontakt","status":"publish","type":"page","link":"https:\/\/e-kolarski.pl\/index.php\/kontakt\/","title":{"rendered":"Kontakt"},"content":{"rendered":"\r\n<div class=\"wp-block-columns is-layout-flex wp-container-10 wp-block-columns-is-layout-flex\">\r\n<div class=\"wp-block-column is-layout-flow wp-block-column-is-layout-flow\" style=\"flex-basis:100%\">\r\n<div class=\"wp-block-columns has-very-light-gray-to-cyan-bluish-gray-gradient-background has-background is-layout-flex wp-container-8 wp-block-columns-is-layout-flex\">\r\n<div class=\"wp-block-column is-layout-flow wp-block-column-is-layout-flow\" style=\"flex-basis:100%\">\r\n<div class=\"wp-block-columns is-layout-flex wp-container-3 wp-block-columns-is-layout-flex\">\r\n<div class=\"wp-block-column is-layout-flow wp-block-column-is-layout-flow\">\r\n<p>e-Kolarski &#8211; Sklep &amp; Serwis<\/p>\r\n<p>Adres:<\/p>\r\n<p>ul. \u017beromskiego 14a<\/p>\r\n<p>41-300 D\u0105browa G\u00f3rnicza<\/p>\r\n<p>tel: 884-044-080<\/p>\r\n<p>E-mail: <a href=\"mailto:sklep@e-kolarski.pl\"> sklep@e-kolarski.pl<\/a><\/p>\r\n<\/div>\r\n\r\n\r\n\r\n<div class=\"wp-block-column is-layout-flow wp-block-column-is-layout-flow\" style=\"flex-basis:50%\">\r\n<p>Godziny otwarcia:<\/p>\r\n<p>Poniedzia\u0142ek &#8211; Pi\u0105tek:<\/p>\r\n<p><strong>10:00 &#8211; 18:00<\/strong><\/p>\r\n<p>Sobota:<\/p>\r\n<p><strong>09:00 &#8211; 14:00<\/strong><\/p>\r\n<p>Niedziela:<\/p>\r\n<p><strong>nieczynne<\/strong><\/p>\r\n<\/div>\r\n<\/div>\r\n<\/div>\r\n\r\n\r\n\r\n<div class=\"wp-block-column is-layout-flow wp-block-column-is-layout-flow\" style=\"flex-basis:70%\">\r\n<div class=\"wp-block-columns is-layout-flex wp-container-6 wp-block-columns-is-layout-flex\">\r\n<div class=\"wp-block-column is-layout-flow wp-block-column-is-layout-flow\" style=\"flex-basis:100%\">\r\n<p>Dojazd do nas:<\/p>\r\n<div class=\"gmap_canvas\"><iframe loading=\"lazy\" id=\"gmap_canvas\" src=\"https:\/\/www.google.com\/maps\/embed?pb=!1m18!1m12!1m3!1d1273.6523492550732!2d19.176325074258106!3d50.323566362609725!2m3!1f0!2f0!3f0!3m2!1i1024!2i768!4f13.1!3m3!1m2!1s0x4716da162102f591%3A0xaed84077882f3d9!2sStefana%20%C5%BBeromskiego%2C%2041-300%20D%C4%85browa%20G%C3%B3rnicza!5e0!3m2!1spl!2spl!4v1626422484205!5m2!1spl!2spl\" width=\"550\" height=\"400\" frameborder=\"0\" marginwidth=\"0\" marginheight=\"0\" scrolling=\"no\"><\/iframe><p><\/p>\r\n<p><\/p>\r\n<\/div>\r\n<\/div>\r\n<\/div>\r\n<\/div>\r\n<\/div>\r\n<\/div>\r\n<\/div>\r\n\r\n\r\n\r\n<div class=\"wp-block-columns has-very-light-gray-to-cyan-bluish-gray-gradient-background has-background is-layout-flex wp-container-17 wp-block-columns-is-layout-flex\">\r\n<div class=\"wp-block-column is-layout-flow wp-block-column-is-layout-flow\" style=\"flex-basis:70%\">\r\n<div class=\"wp-block-columns is-layout-flex wp-container-14 wp-block-columns-is-layout-flex\">\r\n<div class=\"wp-block-column is-layout-flow wp-block-column-is-layout-flow\" style=\"flex-basis:100%\">\r\n<div class=\"wp-block-columns is-layout-flex wp-container-12 wp-block-columns-is-layout-flex\">\r\n<div class=\"wp-block-column is-layout-flow wp-block-column-is-layout-flow\" style=\"flex-basis:40%\"><\/div>\r\n<\/div>\r\n<\/div>\r\n<\/div>\r\n\r\n\r\n\r\n<div class=\"forminator-guttenberg\">\n<div class=\"wpcf7 no-js\" id=\"wpcf7-f472-o1\" lang=\"pl-PL\" dir=\"ltr\">\n<div class=\"screen-reader-response\"><p role=\"status\" aria-live=\"polite\" aria-atomic=\"true\"><\/p> <ul><\/ul><\/div>\n<form action=\"\/index.php\/wp-json\/wp\/v2\/pages\/292#wpcf7-f472-o1\" method=\"post\" class=\"wpcf7-form init\" aria-label=\"Formularz kontaktowy\" novalidate=\"novalidate\" data-status=\"init\">\n<div style=\"display: none;\">\n<input type=\"hidden\" name=\"_wpcf7\" value=\"472\" \/>\n<input type=\"hidden\" name=\"_wpcf7_version\" value=\"5.8\" \/>\n<input type=\"hidden\" name=\"_wpcf7_locale\" value=\"pl_PL\" \/>\n<input type=\"hidden\" name=\"_wpcf7_unit_tag\" value=\"wpcf7-f472-o1\" \/>\n<input type=\"hidden\" name=\"_wpcf7_container_post\" value=\"0\" \/>\n<input type=\"hidden\" name=\"_wpcf7_posted_data_hash\" value=\"\" \/>\n<\/div>\n<p><label> Twoje imi\u0119 i nazwisko<br \/>\n<span class=\"wpcf7-form-control-wrap\" data-name=\"your-name\"><input size=\"40\" class=\"wpcf7-form-control wpcf7-text wpcf7-validates-as-required\" aria-required=\"true\" aria-invalid=\"false\" value=\"\" type=\"text\" name=\"your-name\" \/><\/span> <\/label>\n<\/p>\n<p><label> Tw\u00f3j adres e-mail<br \/>\n<span class=\"wpcf7-form-control-wrap\" data-name=\"your-email\"><input size=\"40\" class=\"wpcf7-form-control wpcf7-email wpcf7-validates-as-required wpcf7-text wpcf7-validates-as-email\" aria-required=\"true\" aria-invalid=\"false\" value=\"\" type=\"email\" name=\"your-email\" \/><\/span> <\/label>\n<\/p>\n<p><label> Temat<br \/>\n<span class=\"wpcf7-form-control-wrap\" data-name=\"your-subject\"><input size=\"40\" class=\"wpcf7-form-control wpcf7-text wpcf7-validates-as-required\" aria-required=\"true\" aria-invalid=\"false\" value=\"\" type=\"text\" name=\"your-subject\" \/><\/span> <\/label>\n<\/p>\n<p><label> Twoja wiadomo\u015bci (opcjonalne)<br \/>\n<span class=\"wpcf7-form-control-wrap\" data-name=\"your-message\"><textarea cols=\"40\" rows=\"10\" class=\"wpcf7-form-control wpcf7-textarea\" aria-invalid=\"false\" name=\"your-message\"><\/textarea><\/span> <\/label>\n<\/p>\n<p><input class=\"wpcf7-form-control wpcf7-submit has-spinner\" type=\"submit\" value=\"Wy\u015blij\" \/>\n<\/p><p style=\"display: none !important;\"><label>&#916;<textarea name=\"_wpcf7_ak_hp_textarea\" cols=\"45\" rows=\"8\" maxlength=\"100\"><\/textarea><\/label><input type=\"hidden\" id=\"ak_js_1\" name=\"_wpcf7_ak_js\" value=\"220\"\/><script>document.getElementById( \"ak_js_1\" ).setAttribute( \"value\", ( new Date() ).getTime() );<\/script><\/p><div class=\"wpcf7-response-output\" aria-hidden=\"true\"><\/div>\n<\/form>\n<\/div>\n<\/div>\r\n<\/div>\r\n\r\n\r\n\r\n<div class=\"wp-block-column is-layout-flow wp-block-column-is-layout-flow\" style=\"flex-basis:50%\">\r\n<a href=\"https:\/\/www.facebook.com\/E-Kolarski-Sklep-Serwis-224001809609735\" target=\"_blank\" rel=\"noopener\"><img decoding=\"async\" src=\"https:\/\/e-kolarski.pl\/wp-content\/uploads\/2021\/09\/ikona-logo-facebook-voronezh-rosja-listopada-r-kwadratu-w-kolorze-niebieskim-164585769.jpg\" Width=\" 100px\" heigh+\"100px\" alt=\"Facebook\" style=\"border: 0\" ><\/a><a href=\"https:\/\/www.facebook.com\/E-Kolarski-Sklep-Serwis-224001809609735\" target=\"_blank\" style=\"font-size: xx-large; vertical-align: 75%  ; text-decoration: none\" rel=\"noopener\">   Facebook<\/a><\/br>\r\n<a href=\"https:\/\/www.instagram.com\/e_kolarski\/\" target=\"_blank\" rel=\"noopener\"><img decoding=\"async\" src=\"https:\/\/e-kolarski.pl\/wp-content\/uploads\/2021\/09\/instagram-nowa-ikona_1057-2227.jpg\" Width=\" 100px\" heigh+\"100px\" alt=\"Instagram\" style=\"border: 0\" ><\/a><a href=\"https:\/\/www.instagram.com\/e_kolarski\/\" target=\"_blank\" style=\"font-size: xx-large; vertical-align: 75%  ; text-decoration: none\" rel=\"noopener\">   Instagram<\/a><\/br>\r\n<a href=\"https:\/\/allegro.pl\/uzytkownik\/Sportowe2kola\" target=\"_blank\" rel=\"noopener\"><img decoding=\"async\" src=\"https:\/\/e-kolarski.pl\/wp-content\/uploads\/2021\/09\/content_allegro_stara_ikona.jpg\" Width=\" 100px\" heigh+\"100px\" alt=\"Allegro\" style=\"border: 0\" ><\/a><a href=\"https:\/\/allegro.pl\/uzytkownik\/Sportowe2kola\" target=\"_blank\" style=\"font-size: xx-large; vertical-align: 75%  ; text-decoration: none\" rel=\"noopener\">   Allegro<\/a><\/br>\r\n<a href=\"https:\/\/www.olx.pl\/oferty\/uzytkownik\/C2kjG\/\" target=\"_blank\" rel=\"noopener\"><img decoding=\"async\" src=\"https:\/\/e-kolarski.pl\/wp-content\/uploads\/2021\/09\/olx-426x300-1.jpg\" Width=\" 100px\" heigh+\"100px\" alt=\"OLX\" style=\"border: 0\" ><\/a><a href=\"https:\/\/www.olx.pl\/oferty\/uzytkownik\/C2kjG\/\" target=\"_blank\" style=\"font-size: xx-large; vertical-align: 75%  ; text-decoration: none\" rel=\"noopener\">   OLX<\/a><\/br>\r\n<\/div>\r\n<\/div>\r\n","protected":false},"excerpt":{"rendered":"<p>e-Kolarski &#8211; Sklep &amp; Serwis Adres: ul. \u017beromskiego 14a 41-300 D\u0105browa G\u00f3rnicza tel: 884-044-080 E-mail: sklep@e-kolarski.pl Godziny otwarcia: Poniedzia\u0142ek &#8211; Pi\u0105tek: 10:00 &#8211; 18:00 Sobota: 09:00 &#8211; 14:00 Niedziela: nieczynne Dojazd do nas: Facebook Instagram Allegro OLX<\/p>\n","protected":false},"author":1,"featured_media":355,"parent":0,"menu_order":0,"comment_status":"closed","ping_status":"closed","template":"","meta":{"footnotes":""},"rttpg_featured_image_url":{"full":["https:\/\/e-kolarski.pl\/wp-content\/uploads\/2021\/09\/header-Contact-us.jpg",2400,830,false],"landscape":["https:\/\/e-kolarski.pl\/wp-content\/uploads\/2021\/09\/header-Contact-us.jpg",2400,830,false],"portraits":["https:\/\/e-kolarski.pl\/wp-content\/uploads\/2021\/09\/header-Contact-us.jpg",2400,830,false],"thumbnail":["https:\/\/e-kolarski.pl\/wp-content\/uploads\/2021\/09\/header-Contact-us-150x150.jpg",150,150,true],"medium":["https:\/\/e-kolarski.pl\/wp-content\/uploads\/2021\/09\/header-Contact-us-300x104.jpg",300,104,true],"large":["https:\/\/e-kolarski.pl\/wp-content\/uploads\/2021\/09\/header-Contact-us-1024x354.jpg",800,277,true],"1536x1536":["https:\/\/e-kolarski.pl\/wp-content\/uploads\/2021\/09\/header-Contact-us-1536x531.jpg",1536,531,true],"2048x2048":["https:\/\/e-kolarski.pl\/wp-content\/uploads\/2021\/09\/header-Contact-us-2048x708.jpg",2048,708,true],"awb_sm":["https:\/\/e-kolarski.pl\/wp-content\/uploads\/2021\/09\/header-Contact-us-500x173.jpg",500,173,true],"awb_md":["https:\/\/e-kolarski.pl\/wp-content\/uploads\/2021\/09\/header-Contact-us-800x277.jpg",800,277,true],"awb_lg":["https:\/\/e-kolarski.pl\/wp-content\/uploads\/2021\/09\/header-Contact-us-1280x443.jpg",1280,443,true],"awb_xl":["https:\/\/e-kolarski.pl\/wp-content\/uploads\/2021\/09\/header-Contact-us-1920x664.jpg",1920,664,true]},"rttpg_author":{"display_name":"admin","author_link":"https:\/\/e-kolarski.pl\/index.php\/author\/admin\/"},"rttpg_comment":0,"rttpg_category":null,"rttpg_excerpt":"e-Kolarski &#8211; Sklep &amp; Serwis Adres: ul. \u017beromskiego 14a 41-300 D\u0105browa G\u00f3rnicza tel: 884-044-080 E-mail: sklep@e-kolarski.pl Godziny otwarcia: Poniedzia\u0142ek &#8211; Pi\u0105tek: 10:00 &#8211; 18:00 Sobota: 09:00 &#8211; 14:00 Niedziela: nieczynne Dojazd do nas: Facebook Instagram Allegro OLX","_links":{"self":[{"href":"https:\/\/e-kolarski.pl\/index.php\/wp-json\/wp\/v2\/pages\/292"}],"collection":[{"href":"https:\/\/e-kolarski.pl\/index.php\/wp-json\/wp\/v2\/pages"}],"about":[{"href":"https:\/\/e-kolarski.pl\/index.php\/wp-json\/wp\/v2\/types\/page"}],"author":[{"embeddable":true,"href":"https:\/\/e-kolarski.pl\/index.php\/wp-json\/wp\/v2\/users\/1"}],"replies":[{"embeddable":true,"href":"https:\/\/e-kolarski.pl\/index.php\/wp-json\/wp\/v2\/comments?post=292"}],"version-history":[{"count":120,"href":"https:\/\/e-kolarski.pl\/index.php\/wp-json\/wp\/v2\/pages\/292\/revisions"}],"predecessor-version":[{"id":600,"href":"https:\/\/e-kolarski.pl\/index.php\/wp-json\/wp\/v2\/pages\/292\/revisions\/600"}],"wp:featuredmedia":[{"embeddable":true,"href":"https:\/\/e-kolarski.pl\/index.php\/wp-json\/wp\/v2\/media\/355"}],"wp:attachment":[{"href":"https:\/\/e-kolarski.pl\/index.php\/wp-json\/wp\/v2\/media?parent=292"}],"curies":[{"name":"wp","href":"https:\/\/api.w.org\/{rel}","templated":true}]}}